{"id":3,"date":"2021-10-12T21:18:06","date_gmt":"2021-10-12T21:18:06","guid":{"rendered":"https:\/\/hrsmart.adatfalodesign.hu\/?page_id=3"},"modified":"2024-02-13T14:29:33","modified_gmt":"2024-02-13T12:29:33","slug":"adatkezelesi-tajekoztato","status":"publish","type":"page","link":"https:\/\/hrsmart.hu\/eng\/adatkezelesi-tajekoztato\/","title":{"rendered":"Adatkezel\u00e9si t\u00e1j\u00e9koztat\u00f3"},"content":{"rendered":"<h1>Adatkezel\u00e9si t\u00e1j\u00e9koztat\u00f3<\/h1>\n<p>HR Smart Europe Kft. (tov\u00e1bbiakban: Szolg\u00e1ltat\u00f3) az \u00fcgyfelei szem\u00e9lyes adatait tiszteletben tartja \u00e9s kiemelt figyelmet ford\u00edt arra, hogy adatkezel\u00e9se sor\u00e1n az \u00dcgyf\u00e9l \/ L\u00e1togat\u00f3 \u00e9rdek\u00e9ben az \u00f6nrendelkez\u00e9si jogr\u00f3l \u00e9s az inform\u00e1ci\u00f3szabads\u00e1gr\u00f3l sz\u00f3l\u00f3 2011. \u00e9vi CXII. t\u00f6rv\u00e9ny (a tov\u00e1bbiakban: Info.tv.) \u00e9s az egy\u00e9b hat\u00e1lyos adatkezel\u00e9ssel kapcsolatos jogszab\u00e1lyoknak megfelel\u0151en j\u00e1rjon el.<\/p>\n<p>Adatkezel\u0151 megnevez\u00e9se:<\/p>\n<p>N\u00e9v: <strong>HR Smart Europe Kft.<\/strong><\/p>\n<p>Sz\u00e9khely: <strong>3066 Kutas\u00f3, Toldi utca 4.<\/strong><\/p>\n<p>Telefonsz\u00e1m: <strong>+36 70\u00a0430 1580<\/strong><\/p>\n<p>Email c\u00edm:\u00a0<a href=\"mailto:info@munkatars.net\">office@hrsmart.hu<\/a><\/p>\n<p>Szolg\u00e1ltat\u00f3 t\u00e1j\u00e9koztatja term\u00e9szetes szem\u00e9lyekn\u00e9l az al\u00e1bbi adatait kezeli:<\/p>\n<ul>\n<li>term\u00e9szetes szem\u00e9ly csal\u00e1di \u00e9s ut\u00f3neve<\/li>\n<li>term\u00e9szetes szem\u00e9ly lakhely\u00e9nek telep\u00fcl\u00e9sneve<\/li>\n<li>term\u00e9szetes szem\u00e9ly telefonsz\u00e1ma \u00e9s sz\u00fclet\u00e9si d\u00e1tuma<\/li>\n<\/ul>\n<p>&nbsp;<\/p>\n<p>A felhaszn\u00e1l\u00e1s c\u00e9lja: A c\u00e9lhoz k\u00f6t\u00f6tts\u00e9g alapelve szerint (Info tv. 4.\u00a7) a Szolg\u00e1ltat\u00f3, a term\u00e9szetes szem\u00e9lyeknek \u00e1ll\u00e1saj\u00e1nlatokat k\u00f6zvet\u00edt. A legmegfelel\u0151bb \u00e1ll\u00e1saj\u00e1nlatok k\u00f6zvet\u00edt\u00e9s\u00e9hez ezeket az elengedhetetlen\u00fcl sz\u00fcks\u00e9ges adatokat kezeli.<\/p>\n<p>Az adatkezel\u00e9s id\u0151tartama: A jelentkez\u00e9st k\u00f6vet\u0151 365 napt\u00e1ri nap. Adatkezel\u0151 t\u00e1j\u00e9koztatja a honlap L\u00e1togat\u00f3it, Felhaszn\u00e1l\u00f3it, hogy a <a href=\"https:\/\/hrsmart.hu\/eng\/\">http:\/\/www.hrsmart.hu<\/a> honlapk\u00e9sz\u00edt\u0151 rendszere cookie-kat haszn\u00e1l a hat\u00e9kony m\u0171k\u00f6d\u00e9s \u00e9rdek\u00e9ben.<\/p>\n<p>Az adatkezel\u0151 t\u00e1j\u00e9koztatja a honlap L\u00e1togat\u00f3it, Felhaszn\u00e1l\u00f3it, hogy a Google Analytics seg\u00edti a Honlap l\u00e1togatotts\u00e1gi \u00e9s egy\u00e9b webanalitikai adatainak f\u00fcggetlen m\u00e9r\u00e9s\u00e9t. A Google Analytics a l\u00e1togat\u00f3k beazonos\u00edt\u00e1s\u00e1hoz tov\u00e1bbi cookie-t haszn\u00e1l. A Google Analytics nem r\u00f6gz\u00edt olyan IP adatokat, amelyekkel az \u00c9rintett beazonos\u00edthat\u00f3 lenne. A m\u00e9r\u00e9si adatokr\u00f3l, azok kezel\u00e9s\u00e9r\u0151l a Google az al\u00e1bbi oldal\u00e1n r\u00e9szletes felvil\u00e1gos\u00edt\u00e1st ny\u00fajt. El\u00e9rhet\u0151s\u00e9ge: https:\/\/policies.google.com\/privacy?hl=hu&amp;gl=hu<\/p>\n<p>Google Remarketing \u00e9s Adwords konverzi\u00f3k\u00f6vet\u00e9s: Az Adatkezel\u0151 a Google Adwords \u00e9s Google Remarketing szolg\u00e1ltat\u00e1sainak haszn\u00e1lat\u00e1val az Adword, \u00e9s DoubleClick cookie adatait is gy\u0171jti abb\u00f3l a c\u00e9lb\u0151l, hogy Google a remarketing szolg\u00e1ltat\u00e1s\u00e1t haszn\u00e1lja a Google keres\u00e9si \u00e9s display h\u00e1l\u00f3zat\u00e1ban fut\u00f3 online hirdet\u00e9seinek kiszolg\u00e1l\u00e1s\u00e1hoz \u00e9s a hirdet\u00e9sek optimaliz\u00e1l\u00e1s\u00e1hoz. A m\u00e9r\u00e9si adatokr\u00f3l, azok kezel\u00e9s\u00e9r\u0151l a Google az al\u00e1bbi oldal\u00e1n r\u00e9szletes felvil\u00e1gos\u00edt\u00e1st ny\u00fajt.<\/p>\n<p>El\u00e9rhet\u0151s\u00e9ge: https:\/\/policies.google.com\/privacy?hl=hu&amp;gl=hu<\/p>\n<p>Facebook Remarketing: Az Adatkezel\u0151 a Facebook remarketing szolg\u00e1ltat\u00e1s\u00e1nak haszn\u00e1lat\u00e1val a Facebook Pixel cookie adatait is gy\u0171jti abb\u00f3l a c\u00e9lb\u0151l, hogy Facebook remarketing szolg\u00e1ltat\u00e1s\u00e1t haszn\u00e1lja online hirdet\u00e9seinek Facebook fel\u00fcletein t\u00f6rt\u00e9n\u0151 kiszolg\u00e1l\u00e1s\u00e1hoz \u00e9s a hirdet\u00e9sek optimaliz\u00e1l\u00e1s\u00e1hoz.<\/p>\n<p>A Facebook adatv\u00e9delmi t\u00e1j\u00e9koztat\u00f3j\u00e1t itt:<\/p>\n<p>https:\/\/www.facebook.com\/privacy\/explanation el\u00e9ri<\/p>\n<p>Cookiek letilt\u00e1sa:<\/p>\n<p>Adatkezel\u0151 t\u00e1j\u00e9koztatja a honlap L\u00e1togat\u00f3it, Felhaszn\u00e1l\u00f3it, hogy lehet\u0151s\u00e9g\u00fck van a cookiek haszn\u00e1lat\u00e1nak tilt\u00e1s\u00e1ra a saj\u00e1t felhaszn\u00e1l\u00f3i eszk\u00f6zeik be\u00e1ll\u00edt\u00e1saiban. Ez a be\u00e1ll\u00edt\u00e1s \u00e1ltal\u00e1ban az eszk\u00f6z b\u00f6ng\u00e9sz\u0151j\u00e9nek be\u00e1ll\u00edt\u00e1sai k\u00f6z\u00f6tt az Adatv\u00e9delem \u00e9s Biztons\u00e1g men\u00fc alatt \u00e9rhet\u0151 el. Az al\u00e1bbiakban a h\u00e1rom leggyakrabban haszn\u00e1lt b\u00f6ng\u00e9sz\u0151 cookie be\u00e1ll\u00edt\u00e1sait mutatjuk be, \u00edgy lehet\u0151s\u00e9g\u00fck van a cookiek tilt\u00e1s\u00e1ra:<\/p>\n<p>Chrome:<\/p>\n<p>Gyors men\u00fc &gt;&gt; Be\u00e1ll\u00edt\u00e1sok gomb &gt;&gt; Speci\u00e1lis be\u00e1ll\u00edt\u00e1sok r\u00e9sz &gt;&gt; Adatv\u00e9delem \u00e9s biztons\u00e1g szekci\u00f3ban l\u00e9v\u0151 Tartalombe\u00e1ll\u00edt\u00e1sok gomb &gt;&gt; Cookie-k gomb &gt;&gt; Cookie-adatok ment\u00e9s\u00e9nek \u00e9s olvas\u00e1s\u00e1nak enged\u00e9lyez\u00e9se a webhelyeken (aj\u00e1nlott) r\u00e9szn\u00e9l ez bekapcsolhat\u00f3 vagy inaktiv\u00e1lhat\u00f3 a funkci\u00f3.<\/p>\n<p>B\u00f6ng\u00e9sz\u0151 url: chrome:\/\/settings\/content\/cookies<\/p>\n<p>A le\u00edr\u00e1s a Google Chrome 66.0.3359.181 (64 bites) verzi\u00f3ja alapj\u00e1n k\u00e9sz\u00fclt.<\/p>\n<p>Firefox:<\/p>\n<p>Gyors men\u00fc &gt;&gt; Be\u00e1ll\u00edt\u00e1sok gomb &gt;&gt; Oldals\u00f3 panelb\u0151l v\u00e1lasszuk az Adatv\u00e9delem \u00e9s biztons\u00e1g men\u00fct &gt;&gt; S\u00fctik \u00e9s oldaladatok szekci\u00f3ban bekapcsolhat\u00f3 a \u201eS\u00fctik \u00e9s oldaladatok blokkol\u00e1sa (a weboldal hib\u00e1j\u00e1t okozhatja)\u201d.<\/p>\n<p>B\u00f6ng\u00e9sz\u0151 url: about:preferences#privacy<\/p>\n<p>A le\u00edr\u00e1s a Firefox Quantum 60.0 (64 bites) verzi\u00f3ja alapj\u00e1n k\u00e9sz\u00fclt.<\/p>\n<p>Edge:<\/p>\n<p>Gyors men\u00fc &gt;&gt; Be\u00e1ll\u00edt\u00e1sok gomb &gt;&gt; Speci\u00e1lis be\u00e1ll\u00edt\u00e1sok megnyit\u00e1sa gomb &gt;&gt; Cookie-k szekci\u00f3n\u00e1l leny\u00edl\u00f3 mez\u0151b\u0151l enged\u00e9lyezhet\u0151 illetve letilthat\u00f3 a cookie haszn\u00e1lata.<\/p>\n<p>B\u00f6ng\u00e9sz\u0151 url: nincs<\/p>\n<p>A le\u00edr\u00e1s a Microsoft Edge 42.17134.1.0 verzi\u00f3ja alapj\u00e1n k\u00e9sz\u00fclt.<\/p>\n<p>El\u0151fizet\u0151 adatait a Szolg\u00e1ltat\u00f3 alkalmazottja dolgozza fel.<\/p>\n<p>A Szolg\u00e1ltat\u00f3 El\u0151fizet\u0151 adatait kiz\u00e1r\u00f3lag El\u0151fizet\u0151 hozz\u00e1j\u00e1rul\u00e1sa eset\u00e9n, az \u00c1SZF-ben meghat\u00e1rozott esetben \u00e9s c\u00edmzett r\u00e9sz\u00e9re tov\u00e1bb\u00edthatja.<\/p>\n<p>El\u0151fizet\u0151 az adatkezel\u00e9shez az \u00c1SZF 5. 11. pontj\u00e1ban tett nyilatkozat\u00e1val kifejezetten hozz\u00e1j\u00e1rul a honlapk\u00e9sz\u00edt\u0151 fel\u00fcleten t\u00f6rt\u00e9n\u0151 regisztr\u00e1ci\u00f3 sor\u00e1n.<\/p>\n<p>Szolg\u00e1ltat\u00f3 adatokat megl\u00e9v\u0151 szolg\u00e1ltat\u00e1sainak biztos\u00edt\u00e1sa, fenntart\u00e1sa, v\u00e9delme, valamint \u00faj szolg\u00e1ltat\u00e1sainak fejleszt\u00e9se \u00e9rdek\u00e9ben gy\u0171jt, valamint a szolg\u00e1ltat\u00e1sokb\u00f3l ad\u00f3d\u00f3 meghat\u00e1rozott c\u00e9lok \u00e9rdek\u00e9ben kezel.<\/p>\n<p>A Szolg\u00e1ltat\u00f3 internetes oldalai b\u00e1rmilyen adat megad\u00e1sa n\u00e9lk\u00fcl l\u00e1togathat\u00f3ak. Vannak azonban olyan jelleg\u0171 szolg\u00e1ltat\u00e1sok, amelyekhez sz\u00fcks\u00e9gszer\u0171en hozz\u00e1tartozik az adatszolg\u00e1ltat\u00e1s. Ilyen p\u00e9ld\u00e1ul a honlapk\u00e9sz\u00edt\u0151 szolg\u00e1ltat\u00e1sra t\u00f6rt\u00e9n\u0151 regisztr\u00e1ci\u00f3.<\/p>\n<p>Ezen esetekben a regisztr\u00e1ci\u00f3hoz legsz\u00fcks\u00e9gesebb adatok kiz\u00e1r\u00f3lag az online \u00fcgylet lebonyol\u00edt\u00e1s\u00e1hoz, a sz\u00e1ml\u00e1z\u00e1shoz, illetve a szolg\u00e1ltat\u00e1s ny\u00fajt\u00e1sa \u00e9rdek\u00e9ben ker\u00fclnek r\u00f6gz\u00edt\u00e9sre addig az id\u0151pontig, ameddig ez felt\u00e9tlen\u00fcl sz\u00fcks\u00e9ges; bele\u00e9rtve ebbe az id\u0151tartamba a reklam\u00e1ci\u00f3 \u00e9s a j\u00f3t\u00e1ll\u00e1s, szavatoss\u00e1g esetk\u00f6r\u00e9t, teh\u00e1t a szerz\u0151d\u00e9s felt\u00e9teleinek k\u00e9s\u0151bbi bizony\u00edt\u00e1sa \u00e9rdek\u00e9ben t\u00f6rt\u00e9n\u0151 t\u00e1rol\u00e1s eset\u00e9t is. Ezt k\u00f6vet\u0151en a megadott adatok a Szerz\u0151d\u00e9s megsz\u0171n\u00e9s\u00e9t k\u00f6vet\u0151 180. napt\u00e1ri nap t\u00f6rl\u00e9sre ker\u00fclnek.<\/p>\n<p>A Szolg\u00e1ltat\u00f3 az \u00fcgyf\u00e9l adatait harmadik f\u00e9lnek nem jogosult kiadni, kiv\u00e9ve azt az esetet, ha az \u00fcgyf\u00e9l ehhez kifejezetten hozz\u00e1j\u00e1rult, illetve, ha a harmadik szem\u00e9ly Szolg\u00e1ltat\u00f3 kapcsol\u00f3d\u00f3 v\u00e1llalkoz\u00e1s\u00e1nak min\u0151s\u00fcl. A kapcsol\u00f3d\u00f3 v\u00e1llalkoz\u00e1sokat jelen nyilatkozattal megegyez\u0151 tartalm\u00fa adatv\u00e9delmi k\u00f6telezetts\u00e9g terheli.<\/p>\n<p>Az \u00fczemeltetett t\u00e1rhelyek kapcs\u00e1n Szolg\u00e1ltat\u00f3, valamint kapcsol\u00f3d\u00f3 v\u00e1llalkoz\u00e1sai, mint k\u00f6zvet\u00edt\u0151 szolg\u00e1ltat\u00f3k a m\u00e1s \u00e1ltal v\u00e1llalt adatv\u00e9delmi k\u00f6telezetts\u00e9g betart\u00e1s\u00e1\u00e9rt nem felelnek.<\/p>\n<p>A szolg\u00e1ltat\u00e1st ig\u00e9nybe vev\u0151knek lehet\u0151s\u00e9g\u00fck van arra, hogy annak ig\u00e9nybe v\u00e9tel\u00e9t megel\u0151z\u0151en, valamint az ig\u00e9nybev\u00e9tel sor\u00e1n folyamatosan a fent r\u00e9szletezett adatkezel\u00e9st \u00edr\u00e1sban a Szolg\u00e1ltat\u00f3hoz int\u00e9zett nyilatkozat form\u00e1j\u00e1ban megtiltsa. Ezen tilt\u00e1s kapcs\u00e1n azonban \u2013 tekintettel a panaszkezel\u00e9shez elengedhetetlen technikai jelleg\u0171 adat\u00e1llom\u00e1ny sz\u00fcks\u00e9gess\u00e9g\u00e9re - a szolg\u00e1ltat\u00e1s esetleges ellehetetlen\u00fcl\u00e9s\u00e9vel az \u00fcgyf\u00e9lnek sz\u00e1molnia kell.<\/p>\n<p>Az \u00e9rintett k\u00e9relm\u00e9re az adatkezel\u0151 t\u00e1j\u00e9koztat\u00e1st ad az \u00e9rintett \u00e1ltala kezelt adatair\u00f3l, azok forr\u00e1s\u00e1r\u00f3l, az adatkezel\u00e9s c\u00e9lj\u00e1r\u00f3l, jogalapj\u00e1r\u00f3l, id\u0151tartam\u00e1r\u00f3l, tov\u00e1bb\u00e1 arr\u00f3l, hogy kik \u00e9s milyen c\u00e9lb\u00f3l kapj\u00e1k vagy kapt\u00e1k meg adatait. Az adatkezel\u0151 a k\u00e9relem beny\u00fajt\u00e1s\u00e1t\u00f3l sz\u00e1m\u00edtott 30 napon bel\u00fcl elektronikus \u00faton adja meg a k\u00e9rt t\u00e1j\u00e9koztat\u00e1st.<\/p>\n<p>A felhaszn\u00e1l\u00f3 jogosult a helytelen\u00fcl r\u00f6gz\u00edtett szem\u00e9lyes adatainak helyesb\u00edt\u00e9s\u00e9t k\u00e9rni.<\/p>\n<p>A felhaszn\u00e1l\u00f3 jogosult szem\u00e9lyes adatainak t\u00f6rl\u00e9s\u00e9t k\u00e9rni. A t\u00f6rl\u00e9s nem vonatkozik a jogszab\u00e1lyok (pl. sz\u00e1mviteli szab\u00e1lyoz\u00e1s) alapj\u00e1n sz\u00fcks\u00e9ges adatkezel\u00e9sekre, azokat Szolg\u00e1ltat\u00f3 a sz\u00fcks\u00e9ges id\u0151tartamig meg\u0151rzi.<\/p>\n<p>Az \u00e9rintett a jelen nyilatkozatban ismertetett jogait az al\u00e1bbi el\u00e9rhet\u0151s\u00e9gen kereszt\u00fcl gyakorolhatja:<\/p>\n<p>Levelez\u00e9si c\u00edm: HR Smart Europe Kft. 7400 Kaposv\u00e1r, F\u0151 u. 57.<\/p>\n<p>Email:\u00a0<a href=\"mailto:info@munkatars.net\">office@hrsmart.hu<\/a><\/p>\n<p>A Szolg\u00e1ltat\u00f3 k\u00f6telezi mag\u00e1t, hogy gondoskodik az \u00e1ltala kezelt szem\u00e9lyes adatok biztons\u00e1g\u00e1r\u00f3l, megteszi azokat a technikai int\u00e9zked\u00e9seket, amelyek biztos\u00edtj\u00e1k, hogy a felvett, t\u00e1rolt, illetve kezelt adatok v\u00e9dettek legyenek, illet\u0151leg mindent megtesz annak \u00e9rdek\u00e9ben, hogy megakad\u00e1lyozza azok megsemmis\u00fcl\u00e9s\u00e9t, jogosulatlan felhaszn\u00e1l\u00e1s\u00e1t \u00e9s jogosulatlan megv\u00e1ltoztat\u00e1s\u00e1t.<\/p>\n<p>\u00d6n az adatkezel\u00e9sr\u0151l t\u00e1j\u00e9koztat\u00e1st k\u00e9rhet, k\u00e9rheti az \u00e1ltalunk kezelt szem\u00e9lyes adataik helyesb\u00edt\u00e9s\u00e9t, m\u00f3dos\u00edt\u00e1s\u00e1t, kieg\u00e9sz\u00edt\u00e9s\u00e9t, tiltakozhat az adatkezel\u00e9s ellen \u00e9s k\u00e9rheti adatai t\u00f6rl\u00e9s\u00e9t valamint z\u00e1rol\u00e1s\u00e1t (a k\u00f6telez\u0151 adatkezel\u00e9s kiv\u00e9tel\u00e9vel), b\u00edr\u00f3s\u00e1g el\u0151tt \u00a0jogorvoslattal \u00e9lhet, a fel\u00fcgyel\u0151 hat\u00f3s\u00e1gn\u00e1l panaszt tehet, illetve elj\u00e1r\u00e1st kezdem\u00e9nyezhet (https:\/\/naih.hu\/panaszuegyintezes-rendje.html).<br \/>\nFel\u00fcgyel\u0151 Hat\u00f3s\u00e1g: <strong>Nemzeti Adatv\u00e9delmi \u00e9s Inform\u00e1ci\u00f3szabads\u00e1g Hat\u00f3s\u00e1g<\/strong><\/p>\n<p>Sz\u00e9khely: 1125 Budapest, Szil\u00e1gyi Erzs\u00e9bet fasor 22\/c. Levelez\u00e9si c\u00edm: 1530 Budapest, Pf.:5. Telefon:+36(1)391-1400 Fax:+36(1)391-1410. \u00a0E-mail:<a href=\"mailto:ugyfelszolgalat@naih.hu\">ugyfelszolgalat@naih.hu<\/a><\/p>\n<p>Honlap: <a href=\"https:\/\/naih.hu\/\">https:\/\/naih.hu\/<\/a><\/p>\n<p>Az \u00d6n k\u00e9relm\u00e9re t\u00e1j\u00e9koztat\u00e1st adunk az \u00d6n \u00e1ltalunk kezelt, illetve az \u00e1ltalunk \u2013 vagy a megb\u00edzott adatfeldolgoz\u00f3nk \u00e1ltal \u2013 feldolgozott adatair\u00f3l, azok forr\u00e1s\u00e1r\u00f3l, az adatkezel\u00e9s \u00a0c\u00e9lj\u00e1r\u00f3l \u00e9s jogalapj\u00e1r\u00f3l, id\u0151tartam\u00e1r\u00f3l, ha pedig ez nem lehets\u00e9ges, ezen id\u0151tartam meghat\u00e1roz\u00e1s\u00e1nak szempontjair\u00f3l, az adatfeldolgoz\u00f3ink nev\u00e9r\u0151l, c\u00edm\u00e9r\u0151l \u00e9s az adatkezel\u00e9ssel \u00f6sszef\u00fcgg\u0151 tev\u00e9kenys\u00e9g\u00fckr\u0151l,adatv\u00e9delmi incidensek k\u00f6r\u00fclm\u00e9nyeir\u0151l, hat\u00e1sair\u00f3l \u00e9s az elh\u00e1r\u00edt\u00e1sukra valamint megel\u0151z\u00e9s\u00fckre tett int\u00e9zked\u00e9seinkr\u0151l, tov\u00e1bb\u00e1<br \/>\naz \u00d6n szem\u00e9lyes adatainak tov\u00e1bb\u00edt\u00e1sa eset\u00e9n az adattov\u00e1bb\u00edt\u00e1s jogalapj\u00e1r\u00f3l \u00e9s c\u00edmzettj\u00e9r\u0151l.<br \/>\nA k\u00e9relem beny\u00fajt\u00e1s\u00e1t\u00f3l sz\u00e1m\u00edtott legr\u00f6videbb id\u0151 alatt, 28 napon bel\u00fcl adjuk meg t\u00e1j\u00e9koztat\u00e1sunkat. A t\u00e1j\u00e9koztat\u00e1s ingyenes kiv\u00e9ve akkor, ha \u00d6n a foly\u00f3 \u00e9vben azonos adatk\u00f6rre vonatkoz\u00f3an t\u00e1j\u00e9koztat\u00e1si k\u00e9relmet m\u00e1r ny\u00fajtott be hozz\u00e1nk. Az \u00d6n \u00e1ltal m\u00e1r megfizetett k\u00f6lts\u00e9gt\u00e9r\u00edt\u00e9st visszat\u00e9r\u00edtj\u00fck abban az esetben, ha az adatokat jogellenesen kezelt\u00fck vagy a t\u00e1j\u00e9koztat\u00e1s k\u00e9r\u00e9se helyesb\u00edt\u00e9shez vezetett. A t\u00e1j\u00e9koztat\u00e1st csak t\u00f6rv\u00e9nyben foglalt esetekben tagadhatjuk meg jogszab\u00e1lyi hely megjel\u00f6l\u00e9s\u00e9vel, valamint a b\u00edr\u00f3s\u00e1gi jogorvoslat illetve a Hat\u00f3s\u00e1ghoz fordul\u00e1s lehet\u0151s\u00e9g\u00e9r\u0151l t\u00e1j\u00e9koztat\u00e1ssal.<\/p>\n<p>T\u00e1rsas\u00e1gunk a szem\u00e9lyes adatok helyesb\u00edt\u00e9sr\u0151l, z\u00e1rol\u00e1sr\u00f3l, megjel\u00f6l\u00e9sr\u0151l \u00e9s t\u00f6rl\u00e9sr\u0151l \u00d6nt, tov\u00e1bb\u00e1 mindazokat \u00e9rtes\u00edti, akiknek kor\u00e1bban az adatot adatkezel\u00e9s c\u00e9lj\u00e1ra tov\u00e1bb\u00edtotta, kiv\u00e9ve akkor, ha az \u00e9rtes\u00edt\u00e9s elmarad\u00e1sa az \u00d6n jogos \u00e9rdek\u00e9t nem s\u00e9rti.<\/p>\n<p>Amennyiben az \u00d6n helyesb\u00edt\u00e9s, z\u00e1rol\u00e1s vagy t\u00f6rl\u00e9s ir\u00e1nti k\u00e9relm\u00e9t nem teljes\u00edtj\u00fck, a k\u00e9relem k\u00e9zhezv\u00e9tel\u00e9t k\u00f6vet\u0151 28 napon bel\u00fcl \u00edr\u00e1sban vagy \u2013 az \u00d6n hozz\u00e1j\u00e1rul\u00e1s\u00e1val \u2013 elektronikus \u00faton k\u00f6z\u00f6lj\u00fcnk elutas\u00edt\u00e1sunk indokait \u00e9s t\u00e1j\u00e9koztatjuk \u00d6nt a b\u00edr\u00f3s\u00e1gi jogorvoslat, tov\u00e1bb\u00e1 a Hat\u00f3s\u00e1ghoz fordul\u00e1s lehet\u0151s\u00e9g\u00e9r\u0151l.<\/p>\n<p>Amennyiben \u00d6n tiltakozik a szem\u00e9lyes adatai kezel\u00e9se ellen, a tiltakoz\u00e1st a k\u00e9relem beny\u00fajt\u00e1s\u00e1t\u00f3l sz\u00e1m\u00edtott legr\u00f6videbb id\u0151n bel\u00fcl, 28 napon bel\u00fcl megvizsg\u00e1ljuk \u00e9s a d\u00f6nt\u00e9s\u00fcnkr\u0151l \u00d6nt \u00edr\u00e1sban t\u00e1j\u00e9koztatjuk. Amennyiben \u00fagy d\u00f6nt\u00f6tt\u00fcnk, hogy az \u00d6n tiltakoz\u00e1sa megalapozott, abban az esetben az adatkezel\u00e9st - bele\u00e9rtve a tov\u00e1bbi adatfelv\u00e9telt \u00e9s adattov\u00e1bb\u00edt\u00e1st is \u2013 megsz\u00fcntetj\u00fck, \u00e9s az adatokat z\u00e1roljuk, valamint a tiltakoz\u00e1sr\u00f3l, tov\u00e1bb\u00e1 az annak alapj\u00e1n tett int\u00e9zked\u00e9sekr\u0151l \u00e9rtes\u00edtj\u00fck mindazokat, akik r\u00e9sz\u00e9re a tiltakoz\u00e1ssal \u00e9rintett szem\u00e9lyes adatot kor\u00e1bban tov\u00e1bb\u00edtottuk, \u00e9s akik k\u00f6telesek int\u00e9zkedni a tiltakoz\u00e1si jog \u00e9rv\u00e9nyes\u00edt\u00e9se \u00e9rdek\u00e9ben.<\/p>\n<p>Abban az esetben megtagadjuk a k\u00e9r\u00e9s teljes\u00edt\u00e9s\u00e9t, ha bizony\u00edtjuk, hogy az adatkezel\u00e9st olyan k\u00e9nyszer\u00edt\u0151 erej\u0171 jogos okok indokolj\u00e1k, amelyek els\u0151bbs\u00e9get \u00e9lveznek az \u00d6n \u00e9rdekeivel, jogaival \u00e9s szabads\u00e1gaival szemben, vagy amelyek jogi ig\u00e9nyek el\u0151terjeszt\u00e9s\u00e9hez, \u00e9rv\u00e9nyes\u00edt\u00e9s\u00e9hez vagy v\u00e9delm\u00e9hez kapcsol\u00f3dnak. Amennyiben \u00d6n a d\u00f6nt\u00e9s\u00fcnkkel nem \u00e9rt egyet, illetve ha elmulasztjuk a hat\u00e1rid\u0151t, a d\u00f6nt\u00e9s k\u00f6zl\u00e9s\u00e9t\u0151l, illetve a hat\u00e1rid\u0151 utols\u00f3 napj\u00e1t\u00f3l sz\u00e1m\u00edtott 30 napon bel\u00fcl \u00d6n b\u00edr\u00f3s\u00e1ghoz fordulhat.<\/p>\n<p>Az adatv\u00e9delmi perek elb\u00edr\u00e1l\u00e1sa a t\u00f6rv\u00e9nysz\u00e9k hat\u00e1sk\u00f6r\u00e9be tartozik, a per \u2013 az \u00e9rintett v\u00e1laszt\u00e1sa szerint \u2013 az \u00e9rintett lakhelye vagy tart\u00f3zkod\u00e1si helye szerinti t\u00f6rv\u00e9nysz\u00e9k el\u0151tt is megind\u00edthat\u00f3. K\u00fclf\u00f6ldi \u00e1llampolg\u00e1r a lak\u00f3helye szerint illet\u00e9kes fel\u00fcgyeleti hat\u00f3s\u00e1ghoz is fordulhat panasszal.<\/p>\n<p>K\u00e9rj\u00fck \u00d6nt, hogy miel\u0151tt a fel\u00fcgyeleti hat\u00f3s\u00e1ghoz vagy b\u00edr\u00f3s\u00e1ghoz fordulna panasz\u00e1val \u2013 egyeztet\u00e9s \u00e9s a felmer\u00fclt probl\u00e9ma min\u00e9l gyorsabb megold\u00e1sa \u00e9rdek\u00e9ben \u2013 keresse meg T\u00e1rsas\u00e1gunkat.<\/p>\n<p>A Szolg\u00e1ltat\u00f3 k\u00f6teles az adatkezel\u00e9ssel kapcsolatos al\u00e1bbi jogszab\u00e1lyok \u00e9s aj\u00e1nl\u00e1sok betart\u00e1s\u00e1ra:<\/p>\n<p>Magyarorsz\u00e1g Alapt\u00f6rv\u00e9nye, VI. cikk a term\u00e9szetes szem\u00e9lyeknek a szem\u00e9lyes adatok kezel\u00e9s\u00e9r\u0151l sz\u00f3l\u00f3 az Eur\u00f3pai Parlament \u00e9s a Tan\u00e1cs (EU) 2016\/679 rendelete (GDPR) 2011. \u00e9vi CXII. t\u00f6rv\u00e9ny az inform\u00e1ci\u00f3s \u00f6nrendelkez\u00e9si jogr\u00f3l \u00e9s az inform\u00e1ci\u00f3szabads\u00e1gr\u00f3l (Info tv.) a Polg\u00e1ri T\u00f6rv\u00e9nyk\u00f6nyvr\u0151l sz\u00f3l\u00f3 2013. \u00e9vi V. t\u00f6rv\u00e9ny (Ptk.) a 2001. \u00e9vi CVIII. t\u00f6rv\u00e9ny \u2013 Eker tv. (Az inform\u00e1ci\u00f3s t\u00e1rsadalommal \u00f6sszef\u00fcgg\u0151 szolg\u00e1ltat\u00e1sok egyes k\u00e9rd\u00e9seir\u0151l), az elektronikus h\u00edrk\u00f6zl\u00e9sr\u0151l sz\u00f3l\u00f3 2003. \u00e9vi C. t\u00f6rv\u00e9ny - (Ehtv) a fogyaszt\u00f3v\u00e9delemr\u0151l z\u00f3l\u00f3 1997. \u00e9vi CLV. t\u00f6rv\u00e9ny (Fogyv tv.) a panaszokr\u00f3l \u00e9s a k\u00f6z\u00e9rdek\u0171 bejelent\u00e9sekr\u0151l sz\u00f3l\u00f3 2013. \u00e9vi CLXV. t\u00f6rv\u00e9ny. (Pktv.) a gazdas\u00e1gi rekl\u00e1mtev\u00e9kenys\u00e9g alapvet\u0151 felt\u00e9teleir\u0151l \u00e9s egyes korl\u00e1tair\u00f3l sz\u00f3l\u00f3 2008. \u00e9vi XLVIII. t\u00f6rv\u00e9ny (Grtv.) az \"Online Privacy Alliance\" aj\u00e1nl\u00e1sait. A Szolg\u00e1ltat\u00f3 fenntartja a jogot, hogy jelen nyilatkozatot a felhaszn\u00e1l\u00f3k \u00e9rtes\u00edt\u00e9se mellett egyoldal\u00faan m\u00f3dos\u00edtsa. Az adatkezel\u0151 jelen adatv\u00e9delmi nyilatkozat m\u00f3dos\u00edt\u00e1sair\u00f3l sz\u00f3l\u00f3 t\u00e1j\u00e9koztat\u00e1st k\u00f6zz\u00e9teszi a <a href=\"https:\/\/hrsmart.hu\/eng\/\">www.hrsmart.hu<\/a> weboldalon.<\/p>","protected":false},"excerpt":{"rendered":"<p>Adatkezel\u00e9si t\u00e1j\u00e9koztat\u00f3 HR Smart Europe Kft. (tov\u00e1bbiakban: Szolg\u00e1ltat\u00f3) az \u00fcgyfelei szem\u00e9lyes adatait tiszteletben tartja \u00e9s kiemelt figyelmet ford\u00edt arra, hogy adatkezel\u00e9se sor\u00e1n az \u00dcgyf\u00e9l \/ [&hellip;]<\/p>","protected":false},"author":1,"featured_media":0,"parent":0,"menu_order":0,"comment_status":"closed","ping_status":"open","template":"","meta":{"_acf_changed":false,"_seopress_robots_primary_cat":"","_seopress_titles_title":"","_seopress_titles_desc":"","_seopress_robots_index":"","footnotes":""},"class_list":["post-3","page","type-page","status-publish","hentry"],"acf":[],"_links":{"self":[{"href":"https:\/\/hrsmart.hu\/eng\/wp-json\/wp\/v2\/pages\/3","targetHints":{"allow":["GET"]}}],"collection":[{"href":"https:\/\/hrsmart.hu\/eng\/wp-json\/wp\/v2\/pages"}],"about":[{"href":"https:\/\/hrsmart.hu\/eng\/wp-json\/wp\/v2\/types\/page"}],"author":[{"embeddable":true,"href":"https:\/\/hrsmart.hu\/eng\/wp-json\/wp\/v2\/users\/1"}],"replies":[{"embeddable":true,"href":"https:\/\/hrsmart.hu\/eng\/wp-json\/wp\/v2\/comments?post=3"}],"version-history":[{"count":6,"href":"https:\/\/hrsmart.hu\/eng\/wp-json\/wp\/v2\/pages\/3\/revisions"}],"predecessor-version":[{"id":9716,"href":"https:\/\/hrsmart.hu\/eng\/wp-json\/wp\/v2\/pages\/3\/revisions\/9716"}],"wp:attachment":[{"href":"https:\/\/hrsmart.hu\/eng\/wp-json\/wp\/v2\/media?parent=3"}],"curies":[{"name":"wp","href":"https:\/\/api.w.org\/{rel}","templated":true}]}}